{"id":357,"date":"2025-07-10T15:02:17","date_gmt":"2025-07-10T13:02:17","guid":{"rendered":"https:\/\/www.snoopli.com\/?page_id=357"},"modified":"2025-10-07T17:32:45","modified_gmt":"2025-10-07T15:32:45","slug":"contact","status":"publish","type":"page","link":"https:\/\/www.larousse.fr\/articles\/contact","title":{"rendered":"Contact"},"content":{"rendered":"\n<p>Vous souhaitez contacter notre r\u00e9daction ?<\/p>\n\n\n\n<p>Que vous souhaitiez r\u00e9agir \u00e0 un article, proposer un th\u00e8me, partager une remarque ou exercer votre droit de r\u00e9ponse, notre \u00e9quipe se tient \u00e0 votre disposition.<\/p>\n\n\n\n<p>\ud83d\udce9 Adresse de contact :<br><a href=\"mailto:contact@snoopli.com\" target=\"_blank\" rel=\"noreferrer noopener\"><\/a><a href=\"mailto:conso@larousse.fr\">conso@larousse.fr<\/a><\/p>\n\n\n\n<p>Nous accordons une grande importance \u00e0 chacun des messages re\u00e7us. Vos retours, qu\u2019il s\u2019agisse de suggestions, de critiques constructives ou de simples observations, nous aident \u00e0 enrichir notre ligne \u00e9ditoriale, affiner nos contenus et vous offrir une information libre, exigeante et de qualit\u00e9.<\/p>\n\n\n\n<h2 class=\"wp-block-heading\" id=\"h-droit-de-reponse\">Droit de r\u00e9ponse :<\/h2>\n\n\n\n<p>Conform\u00e9ment \u00e0 la l\u00e9gislation en vigueur, toute demande de droit de r\u00e9ponse doit nous parvenir par \u00e9crit, en mentionnant l\u2019article concern\u00e9, les pr\u00e9cisions ou corrections souhait\u00e9es, ainsi que les coordonn\u00e9es de la personne ou de l\u2019organisme demandeur. Nous nous engageons \u00e0 traiter chaque requ\u00eate avec s\u00e9rieux et r\u00e9activit\u00e9.<\/p>\n\n\n\n<p>Merci de contribuer, par vos messages, \u00e0 faire vivre cet espace d\u2019information ind\u00e9pendant et rigoureux.<\/p>\n","protected":false},"excerpt":{"rendered":"","protected":false},"author":4,"featured_media":0,"parent":0,"menu_order":0,"comment_status":"closed","ping_status":"closed","template":"","meta":{"_acf_changed":false,"footnotes":""},"class_list":["post-357","page","type-page","status-publish"],"acf":[],"yoast_head":"<!-- This site is optimized with the Yoast SEO Premium plugin v22.8 (Yoast SEO v26.7) - https:\/\/yoast.com\/wordpress\/plugins\/seo\/ -->\n<title>Contact - Larousse Media<\/title>\n<meta name=\"robots\" content=\"index, follow, max-snippet:-1, max-image-preview:large, max-video-preview:-1\" \/>\n<link rel=\"canonical\" href=\"https:\/\/www.larousse.fr\/articles\/contact\" \/>\n<meta property=\"og:locale\" content=\"fr_FR\" \/>\n<meta property=\"og:type\" content=\"article\" \/>\n<meta property=\"og:title\" content=\"Contact\" \/>\n<meta property=\"og:description\" content=\"&hellip;\" \/>\n<meta property=\"og:url\" content=\"https:\/\/www.larousse.fr\/articles\/contact\" \/>\n<meta property=\"og:site_name\" content=\"Larousse Media\" \/>\n<meta property=\"article:modified_time\" content=\"2025-10-07T15:32:45+00:00\" \/>\n<meta property=\"og:image\" content=\"https:\/\/www.larousse.fr\/articles\/wp-content\/uploads\/2025\/09\/larousse.eldorado-consulting.com-logo-larousse-a-la-une-logo-larousse-a-la-une-scaled.webp\" \/>\n\t<meta property=\"og:image:width\" content=\"1200\" \/>\n\t<meta property=\"og:image:height\" content=\"621\" \/>\n\t<meta property=\"og:image:type\" content=\"image\/webp\" \/>\n<meta name=\"twitter:card\" content=\"summary_large_image\" \/>\n<meta name=\"twitter:label1\" content=\"Dur\u00e9e de lecture estim\u00e9e\" \/>\n\t<meta name=\"twitter:data1\" content=\"1 minute\" \/>\n<script type=\"application\/ld+json\" class=\"yoast-schema-graph\">{\"@context\":\"https:\/\/schema.org\",\"@graph\":[{\"@type\":\"WebPage\",\"@id\":\"https:\/\/www.larousse.fr\/articles\/contact\",\"url\":\"https:\/\/www.larousse.fr\/articles\/contact\",\"name\":\"Contact - Larousse Media\",\"isPartOf\":{\"@id\":\"https:\/\/www.larousse.fr\/articles\/#website\"},\"datePublished\":\"2025-07-10T13:02:17+00:00\",\"dateModified\":\"2025-10-07T15:32:45+00:00\",\"breadcrumb\":{\"@id\":\"https:\/\/www.larousse.fr\/articles\/contact#breadcrumb\"},\"inLanguage\":\"fr-FR\",\"potentialAction\":[{\"@type\":\"ReadAction\",\"target\":[\"https:\/\/www.larousse.fr\/articles\/contact\"]}]},{\"@type\":\"BreadcrumbList\",\"@id\":\"https:\/\/www.larousse.fr\/articles\/contact#breadcrumb\",\"itemListElement\":[{\"@type\":\"ListItem\",\"position\":1,\"name\":\"Accueil\",\"item\":\"https:\/\/www.larousse.fr\/articles\/\"},{\"@type\":\"ListItem\",\"position\":2,\"name\":\"Contact\"}]},{\"@type\":\"WebSite\",\"@id\":\"https:\/\/www.larousse.fr\/articles\/#website\",\"url\":\"https:\/\/www.larousse.fr\/articles\/\",\"name\":\"Larousse - A la une\",\"description\":\"Larousse\",\"publisher\":{\"@id\":\"https:\/\/www.larousse.fr\/articles\/#organization\"},\"potentialAction\":[{\"@type\":\"SearchAction\",\"target\":{\"@type\":\"EntryPoint\",\"urlTemplate\":\"https:\/\/www.larousse.fr\/articles\/?s={search_term_string}\"},\"query-input\":{\"@type\":\"PropertyValueSpecification\",\"valueRequired\":true,\"valueName\":\"search_term_string\"}}],\"inLanguage\":\"fr-FR\"},{\"@type\":\"Organization\",\"@id\":\"https:\/\/www.larousse.fr\/articles\/#organization\",\"name\":\"Larousse\",\"url\":\"https:\/\/www.larousse.fr\/articles\/\",\"logo\":{\"@type\":\"ImageObject\",\"inLanguage\":\"fr-FR\",\"@id\":\"https:\/\/www.larousse.fr\/articles\/#\/schema\/logo\/image\/\",\"url\":\"https:\/\/www.larousse.fr\/articles\/wp-content\/uploads\/2025\/09\/larousse.eldorado-consulting.com-logo-larousse-a-la-une-logo-larousse-a-la-une-scaled.webp\",\"contentUrl\":\"https:\/\/www.larousse.fr\/articles\/wp-content\/uploads\/2025\/09\/larousse.eldorado-consulting.com-logo-larousse-a-la-une-logo-larousse-a-la-une-scaled.webp\",\"width\":1200,\"height\":621,\"caption\":\"Larousse\"},\"image\":{\"@id\":\"https:\/\/www.larousse.fr\/articles\/#\/schema\/logo\/image\/\"}}]}<\/script>\n<!-- \/ Yoast SEO Premium plugin. -->","yoast_head_json":{"title":"Contact - Larousse Media","robots":{"index":"index","follow":"follow","max-snippet":"max-snippet:-1","max-image-preview":"max-image-preview:large","max-video-preview":"max-video-preview:-1"},"canonical":"https:\/\/www.larousse.fr\/articles\/contact","og_locale":"fr_FR","og_type":"article","og_title":"Contact","og_description":"&hellip;","og_url":"https:\/\/www.larousse.fr\/articles\/contact","og_site_name":"Larousse Media","article_modified_time":"2025-10-07T15:32:45+00:00","og_image":[{"width":1200,"height":621,"url":"https:\/\/www.larousse.fr\/articles\/wp-content\/uploads\/2025\/09\/larousse.eldorado-consulting.com-logo-larousse-a-la-une-logo-larousse-a-la-une-scaled.webp","type":"image\/webp"}],"twitter_card":"summary_large_image","twitter_misc":{"Dur\u00e9e de lecture estim\u00e9e":"1 minute"},"schema":{"@context":"https:\/\/schema.org","@graph":[{"@type":"WebPage","@id":"https:\/\/www.larousse.fr\/articles\/contact","url":"https:\/\/www.larousse.fr\/articles\/contact","name":"Contact - Larousse Media","isPartOf":{"@id":"https:\/\/www.larousse.fr\/articles\/#website"},"datePublished":"2025-07-10T13:02:17+00:00","dateModified":"2025-10-07T15:32:45+00:00","breadcrumb":{"@id":"https:\/\/www.larousse.fr\/articles\/contact#breadcrumb"},"inLanguage":"fr-FR","potentialAction":[{"@type":"ReadAction","target":["https:\/\/www.larousse.fr\/articles\/contact"]}]},{"@type":"BreadcrumbList","@id":"https:\/\/www.larousse.fr\/articles\/contact#breadcrumb","itemListElement":[{"@type":"ListItem","position":1,"name":"Accueil","item":"https:\/\/www.larousse.fr\/articles\/"},{"@type":"ListItem","position":2,"name":"Contact"}]},{"@type":"WebSite","@id":"https:\/\/www.larousse.fr\/articles\/#website","url":"https:\/\/www.larousse.fr\/articles\/","name":"Larousse - A la une","description":"Larousse","publisher":{"@id":"https:\/\/www.larousse.fr\/articles\/#organization"},"potentialAction":[{"@type":"SearchAction","target":{"@type":"EntryPoint","urlTemplate":"https:\/\/www.larousse.fr\/articles\/?s={search_term_string}"},"query-input":{"@type":"PropertyValueSpecification","valueRequired":true,"valueName":"search_term_string"}}],"inLanguage":"fr-FR"},{"@type":"Organization","@id":"https:\/\/www.larousse.fr\/articles\/#organization","name":"Larousse","url":"https:\/\/www.larousse.fr\/articles\/","logo":{"@type":"ImageObject","inLanguage":"fr-FR","@id":"https:\/\/www.larousse.fr\/articles\/#\/schema\/logo\/image\/","url":"https:\/\/www.larousse.fr\/articles\/wp-content\/uploads\/2025\/09\/larousse.eldorado-consulting.com-logo-larousse-a-la-une-logo-larousse-a-la-une-scaled.webp","contentUrl":"https:\/\/www.larousse.fr\/articles\/wp-content\/uploads\/2025\/09\/larousse.eldorado-consulting.com-logo-larousse-a-la-une-logo-larousse-a-la-une-scaled.webp","width":1200,"height":621,"caption":"Larousse"},"image":{"@id":"https:\/\/www.larousse.fr\/articles\/#\/schema\/logo\/image\/"}}]}},"_links":{"self":[{"href":"https:\/\/www.larousse.fr\/articles\/wp-json\/wp\/v2\/pages\/357","targetHints":{"allow":["GET"]}}],"collection":[{"href":"https:\/\/www.larousse.fr\/articles\/wp-json\/wp\/v2\/pages"}],"about":[{"href":"https:\/\/www.larousse.fr\/articles\/wp-json\/wp\/v2\/types\/page"}],"author":[{"embeddable":true,"href":"https:\/\/www.larousse.fr\/articles\/wp-json\/wp\/v2\/users\/4"}],"replies":[{"embeddable":true,"href":"https:\/\/www.larousse.fr\/articles\/wp-json\/wp\/v2\/comments?post=357"}],"version-history":[{"count":0,"href":"https:\/\/www.larousse.fr\/articles\/wp-json\/wp\/v2\/pages\/357\/revisions"}],"wp:attachment":[{"href":"https:\/\/www.larousse.fr\/articles\/wp-json\/wp\/v2\/media?parent=357"}],"curies":[{"name":"wp","href":"https:\/\/api.w.org\/{rel}","templated":true}]}}